{"id":1286,"date":"2021-11-02T20:56:56","date_gmt":"2021-11-02T20:56:56","guid":{"rendered":"https:\/\/flexitcs.net\/?page_id=1286"},"modified":"2021-12-29T21:56:06","modified_gmt":"2021-12-29T21:56:06","slug":"frameworks-und-bibliotheken-fuer-node-js","status":"publish","type":"page","link":"https:\/\/flexitcs.net\/index.php\/frameworks-und-bibliotheken-fuer-node-js\/","title":{"rendered":"Frameworks und Bibliotheken f\u00fcr Node.js"},"content":{"rendered":"\n<h2 class=\"wp-block-heading\"> \u00dcbersicht zu wichtigen Frameworks und Bibliotheken f\u00fcr Node.js<\/h2>\n\n\n\n<h3 class=\"wp-block-heading\"> Allgemeine  Frameworks und Bibliotheken <\/h3>\n\n\n\n<ul class=\"wp-block-list\"><li><a aria-label=\"Type-ORM (opens in a new tab)\" href=\"https:\/\/typeorm.io\/\" target=\"_blank\" rel=\"noreferrer noopener\" class=\"ek-link\">TypeORM<\/a>: Open Source ORM Bibliothek\/Microframework f\u00fcr TypeScript und JavaScript (MySQL\/MariaDB, PostgreSQL\/CockroachDB, SQLite, <a aria-label=\"sql.js (opens in a new tab)\" href=\"https:\/\/sql.js.org\/\" target=\"_blank\" rel=\"noreferrer noopener\" class=\"ek-link\">sql.js<\/a>, MS SQL Server, Oracle, SAP Hana), unterst\u00fctzt Active Record und Data Mapper patterns.<\/li><li><a aria-label=\"sequelize (opens in a new tab)\" href=\"http:\/\/sequelize.org\/\" target=\"_blank\" rel=\"noreferrer noopener\" class=\"ek-link\">Sequelize<\/a>:&nbsp;promise-based Open Source ORM Bibliothek (MySQL, PostgreSQL, MariaDB, SQLite, MS SQL Server), &#8222;easy-to-use&#8220;.<\/li><li>weitere ORM Bibliotheken: <a aria-label=\"Bookshelf (opens in a new tab)\" href=\"https:\/\/www.npmjs.com\/package\/bookshelf\" target=\"_blank\" rel=\"noreferrer noopener\" class=\"ek-link\">Bookshelf<\/a> (PostgreSQL, MySQL, SQLite), <a aria-label=\"Objection (opens in a new tab)\" href=\"https:\/\/github.com\/Vincit\/objection.js\/\" target=\"_blank\" rel=\"noreferrer noopener\" class=\"ek-link\">Objection<\/a> (PostgreSQL, MySQL, SQLite), <a href=\"https:\/\/mikro-orm.io\/\" target=\"_blank\" rel=\"noreferrer noopener\" class=\"ek-link\">Mikro-ORM, <\/a><a href=\"https:\/\/www.prisma.io\/\" target=\"_blank\" rel=\"noreferrer noopener\">Prisma<\/a>, <a aria-label=\"RDB (opens in a new tab)\" href=\"https:\/\/www.npmjs.com\/package\/rdb\" target=\"_blank\" rel=\"noreferrer noopener\" class=\"ek-link\">RDB<\/a>.<\/li><li><a aria-label=\"Mongoose (opens in a new tab)\" href=\"https:\/\/www.npmjs.com\/package\/mongoose\" target=\"_blank\" rel=\"noreferrer noopener\" class=\"ek-link\">Mongoose<\/a>: Object Modelling Tool f\u00fcr die Mongo DB<\/li><li><a href=\"https:\/\/www.npmjs.com\/package\/sqlite3\" target=\"_blank\" rel=\"noreferrer noopener\">sqlite3<\/a>: Datenbank-Treiber f\u00fcr SQLite<\/li><\/ul>\n\n\n\n<ul class=\"wp-block-list\"><li><a aria-label=\"moment.js (opens in a new tab)\" href=\"https:\/\/momentjs.com\/\" target=\"_blank\" rel=\"noreferrer noopener\" class=\"ek-link\">moment.js<\/a>: Datum und Zeitangaben lesen, schreiben, anzeigen, verwalten &#8211; <a aria-label=\"Luxon (opens in a new tab)\" href=\"https:\/\/moment.github.io\/luxon\/#\/\" target=\"_blank\" rel=\"noreferrer noopener\" class=\"ek-link\">Luxon<\/a> <em>(ab 2018)<\/em> als Weiterentwicklung von moment.js <\/li><\/ul>\n\n\n\n<ul class=\"wp-block-list\"><li><a aria-label=\"os-service (opens in a new tab)\" href=\"https:\/\/www.npmjs.com\/package\/os-service\" target=\"_blank\" rel=\"noreferrer noopener\" class=\"ek-link\">os-service<\/a>: Node Anwendungen als native Windows or Linux Service installieren und betreiben.<\/li><\/ul>\n\n\n\n<h3 class=\"wp-block-heading\"> Frameworks f\u00fcr die Webentwicklung<\/h3>\n\n\n\n<ul class=\"wp-block-list\"><li><a aria-label=\"Express  (opens in a new tab)\" href=\"https:\/\/expressjs.com\/de\/\" target=\"_blank\" rel=\"noreferrer noopener\" class=\"ek-link\">Express<\/a> <em>(ab 2010)<\/em>: etabliertes und weit verbreitetes Open Soure Web-Application-Framework (Backend) &#8211; basierend auf dem <em>HTTP<\/em> core module von Node.js, erweitert um Routing-Features und eine Plugin-Infrastruktur (Middleware-Komponenten)<\/li><li><a aria-label=\"spdy (opens in a new tab)\" href=\"https:\/\/www.npmjs.com\/package\/spdy\" target=\"_blank\" rel=\"noreferrer noopener\" class=\"ek-link\">spdy<\/a>: Unterst\u00fctzung von HTML2 \/ https<\/li><li><a aria-label=\"passport (opens in a new tab)\" href=\"http:\/\/www.passportjs.org\/\" target=\"_blank\" rel=\"noreferrer noopener\" class=\"ek-link\">passport<\/a>: Authentifizierung-Middleware f\u00fcr Express-Anwendungen <\/li><li><a aria-label=\"cookie-parser (opens in a new tab)\" href=\"https:\/\/www.npmjs.com\/package\/cookie-parser\" target=\"_blank\" rel=\"noreferrer noopener\" class=\"ek-link\">cookie-parser<\/a>, <a aria-label=\"body-parser (opens in a new tab)\" href=\"https:\/\/www.npmjs.com\/package\/body-parser\" target=\"_blank\" rel=\"noreferrer noopener\" class=\"ek-link\">body-parser<\/a>, <a aria-label=\"express-session (opens in a new tab)\" href=\"https:\/\/www.npmjs.com\/package\/express-session\" target=\"_blank\" rel=\"noreferrer noopener\" class=\"ek-link\">express-session<\/a>: Support-Bibliotheken f\u00fcr Express-Anwendungen <\/li><li><a aria-label=\"Handlebars (opens in a new tab)\" href=\"https:\/\/www.npmjs.com\/package\/handlebars\" target=\"_blank\" rel=\"noreferrer noopener\" class=\"ek-link\">Handlebars<\/a>, <a aria-label=\"Pug (opens in a new tab)\" href=\"https:\/\/pugjs.org\" target=\"_blank\" rel=\"noreferrer noopener\" class=\"ek-link\">Pug<\/a>, <a aria-label=\"EJS (opens in a new tab)\" href=\"https:\/\/ejs.co\/\" target=\"_blank\" rel=\"noreferrer noopener\" class=\"ek-link\">EJS<\/a>: Template-Engines, integrierbar in Express. Template-Engines haben insbesondere bei (technisch gesehen) statischen Webseiten eine gr\u00f6\u00dfere Bedeutung gehabt. Bei modernen Webseiten, die auf dynamischen Komponenten basieren, spielt serverseitige Vorlagen nur noch eine untergeordnete Rolle.       <\/li><li><a aria-label=\"Helmet (opens in a new tab)\" href=\"https:\/\/helmetjs.github.io\/\" target=\"_blank\" rel=\"noreferrer noopener\" class=\"ek-link\">Helmet<\/a>: Security Support (HTTP headers)<\/li><li><a aria-label=\"Morgan (opens in a new tab)\" href=\"https:\/\/www.npmjs.com\/package\/morgan\" target=\"_blank\" rel=\"noreferrer noopener\" class=\"ek-link\">Morgan<\/a>: HTTP request logger middleware<\/li><li><a aria-label=\"SailJs (opens in a new tab)\" href=\"https:\/\/sailsjs.com\/\" target=\"_blank\" rel=\"noreferrer noopener\" class=\"ek-link\">Sail.Js<\/a>: MVC Web-Application-Framework basierend auf Express<\/li><\/ul>\n\n\n\n<ul class=\"wp-block-list\"><li><a aria-label=\"NestJS (opens in a new tab)\" href=\"https:\/\/nestjs.com\/\" target=\"_blank\" rel=\"noreferrer noopener\" class=\"ek-link\">Next.js<\/a> <em>(ab 2016)<\/em>: Framework f\u00fcr serverseitiges HTML-Rendering, insbesondere in Kombination mit dem clientseitigen <strong><a aria-label=\"React (opens in a new tab)\" href=\"https:\/\/reactjs.org\/\" target=\"_blank\" rel=\"noreferrer noopener\" class=\"ek-link\">React<\/a><\/strong> Framework verwendet, bei vielen gro\u00dfen Webseiten im Einsatz<\/li><li><a href=\"https:\/\/nestjs.com\/\" target=\"_blank\" rel=\"noreferrer noopener\">NestJS<\/a> <em>(ab 2017)<\/em>: j\u00fcngere Alternative zum Express-Framework, unterst\u00fctzt TypeScript und Dependency Injection; Verwendung von Annotationen f\u00fcr Routen-Definitionen und Datenbank-Anbindung<\/li><\/ul>\n\n\n\n<hr class=\"wp-block-separator\"\/>\n\n\n\n<h2 class=\"wp-block-heading\">Management von Bibliotheken <\/h2>\n\n\n\n<p>Die lokale Verwaltung und Einbindung von Frameworks und Bibliotheken erfolgt \u00fcblicherweise mit dem Node Package Manager <strong>npm<\/strong>, welcher bei einer Node.js-Installation mitenthalten ist. Die wichtigsten Befehle lauten:<\/p>\n\n\n\n<ul class=\"wp-block-list\"><li><em><strong>npm init<\/strong><\/em> &#8211; Initialisierung eines neuen Projekts inkl. der Erzeugung der Projektkonfiguration <em>package.json<\/em><br><em>npm init -h<\/em> als Kurzversion ohne Abfrage der Projektparameter   <br><\/li><li><em><strong>npm install<\/strong> &lt;name&gt; <\/em>&#8211; Installation eines Packages (Bibliothek \/ Framework)<br><em>npm install package1 package2<\/em> als Kurzversion f\u00fcr die Installation mehrerer Packages<br><em>npm install &#8230; &#8211;save-dev<\/em> als Variante f\u00fcr Pakete, die nur im Entwicklungsprozess verwendet werden<br><\/li><li><strong><em>npm audit<\/em><\/strong> &#8211; Scann der installierten Pakete (Versionen) auf Sicherheitsschwachstellen<br><em>npm audit fix<\/em> als Variante f\u00fcr das automatische Einspielen neuerer Versionen, die die Schwachstellen beheben <br><\/li><li><strong>npm run<\/strong> &lt;name&gt; &#8211; Start eines Skriptes, dieses muss in der Projektkonfiguration <em>package.json<\/em> definiert sein<br><em>npm run buidl <\/em>als Variante mit vordefinierten Build-Skript, z.B. <em>&#8222;build&#8220;: &#8222;webpack&#8220;<\/em> f\u00fcr eine Modulb\u00fcndelung mit webpack <br><\/li><li><em><strong>npm publish<\/strong><\/em> &#8211; Publizieren des Projekts in einem NPM-Repository<\/li><\/ul>\n\n\n\n<p>Alternativ zu <strong>npm<\/strong> steht der von Facebook entwickelte Paketmanager <a href=\"https:\/\/yarnpkg.com\/\" target=\"_blank\" aria-label=\"Yarn (opens in a new tab)\" rel=\"noreferrer noopener\" class=\"ek-link\">Yarn<\/a> zur Verf\u00fcgung.<\/p>\n","protected":false},"excerpt":{"rendered":"<p>\u00dcbersicht zu wichtigen Frameworks und Bibliotheken f\u00fcr Node.js Allgemeine Frameworks und Bibliotheken TypeORM: [&hellip;]<\/p>\n","protected":false},"author":1,"featured_media":0,"parent":0,"menu_order":0,"comment_status":"closed","ping_status":"closed","template":"","meta":{"_editorskit_title_hidden":false,"_editorskit_reading_time":1,"_editorskit_is_block_options_detached":false,"_editorskit_block_options_position":"{}","footnotes":""},"class_list":["post-1286","page","type-page","status-publish","hentry"],"yoast_head":"<!-- This site is optimized with the Yoast SEO plugin v25.9 - https:\/\/yoast.com\/wordpress\/plugins\/seo\/ -->\n<title>Frameworks und Bibliotheken f\u00fcr Node.js (Moderne Webanwendungen)<\/title>\n<meta name=\"description\" content=\"Die Frameworks und Bibliotheken f\u00fcr Node.js: eine kompakte \u00dcbersicht.\" \/>\n<meta name=\"robots\" content=\"index, follow, max-snippet:-1, max-image-preview:large, max-video-preview:-1\" \/>\n<link rel=\"canonical\" href=\"https:\/\/flexitcs.net\/index.php\/frameworks-und-bibliotheken-fuer-node-js\/\" \/>\n<meta property=\"og:locale\" content=\"de_DE\" \/>\n<meta property=\"og:type\" content=\"article\" \/>\n<meta property=\"og:title\" content=\"Frameworks und Bibliotheken f\u00fcr Node.js (Moderne Webanwendungen)\" \/>\n<meta property=\"og:description\" content=\"Die Frameworks und Bibliotheken f\u00fcr Node.js: eine kompakte \u00dcbersicht.\" \/>\n<meta property=\"og:url\" content=\"https:\/\/flexitcs.net\/index.php\/frameworks-und-bibliotheken-fuer-node-js\/\" \/>\n<meta property=\"og:site_name\" content=\"Die Digitale Transformation gestalten\" \/>\n<meta property=\"article:modified_time\" content=\"2021-12-29T21:56:06+00:00\" \/>\n<meta name=\"twitter:card\" content=\"summary_large_image\" \/>\n<meta name=\"twitter:label1\" content=\"Gesch\u00e4tzte Lesezeit\" \/>\n\t<meta name=\"twitter:data1\" content=\"2 Minuten\" \/>\n<script type=\"application\/ld+json\" class=\"yoast-schema-graph\">{\"@context\":\"https:\/\/schema.org\",\"@graph\":[{\"@type\":\"WebPage\",\"@id\":\"https:\/\/flexitcs.net\/index.php\/frameworks-und-bibliotheken-fuer-node-js\/\",\"url\":\"https:\/\/flexitcs.net\/index.php\/frameworks-und-bibliotheken-fuer-node-js\/\",\"name\":\"Frameworks und Bibliotheken f\u00fcr Node.js (Moderne Webanwendungen)\",\"isPartOf\":{\"@id\":\"https:\/\/flexitcs.net\/#website\"},\"datePublished\":\"2021-11-02T20:56:56+00:00\",\"dateModified\":\"2021-12-29T21:56:06+00:00\",\"description\":\"Die Frameworks und Bibliotheken f\u00fcr Node.js: eine kompakte \u00dcbersicht.\",\"breadcrumb\":{\"@id\":\"https:\/\/flexitcs.net\/index.php\/frameworks-und-bibliotheken-fuer-node-js\/#breadcrumb\"},\"inLanguage\":\"de-AT\",\"potentialAction\":[{\"@type\":\"ReadAction\",\"target\":[\"https:\/\/flexitcs.net\/index.php\/frameworks-und-bibliotheken-fuer-node-js\/\"]}]},{\"@type\":\"BreadcrumbList\",\"@id\":\"https:\/\/flexitcs.net\/index.php\/frameworks-und-bibliotheken-fuer-node-js\/#breadcrumb\",\"itemListElement\":[{\"@type\":\"ListItem\",\"position\":1,\"name\":\"Home\",\"item\":\"https:\/\/flexitcs.net\/\"},{\"@type\":\"ListItem\",\"position\":2,\"name\":\"Frameworks und Bibliotheken f\u00fcr Node.js\"}]},{\"@type\":\"WebSite\",\"@id\":\"https:\/\/flexitcs.net\/#website\",\"url\":\"https:\/\/flexitcs.net\/\",\"name\":\"Die Digitale Transformation gestalten\",\"description\":\"Matthias Bleyl\",\"publisher\":{\"@id\":\"https:\/\/flexitcs.net\/#\/schema\/person\/bdc6fbae07797fec12d64f79bc4649a7\"},\"potentialAction\":[{\"@type\":\"SearchAction\",\"target\":{\"@type\":\"EntryPoint\",\"urlTemplate\":\"https:\/\/flexitcs.net\/?s={search_term_string}\"},\"query-input\":{\"@type\":\"PropertyValueSpecification\",\"valueRequired\":true,\"valueName\":\"search_term_string\"}}],\"inLanguage\":\"de-AT\"},{\"@type\":[\"Person\",\"Organization\"],\"@id\":\"https:\/\/flexitcs.net\/#\/schema\/person\/bdc6fbae07797fec12d64f79bc4649a7\",\"name\":\"Matthias Bleyl\",\"image\":{\"@type\":\"ImageObject\",\"inLanguage\":\"de-AT\",\"@id\":\"https:\/\/flexitcs.net\/#\/schema\/person\/image\/\",\"url\":\"https:\/\/secure.gravatar.com\/avatar\/7a172617327e9b00cf870ce0cdc90766e0fbaa1b9d650feae84dea1de566cb33?s=96&d=mm&r=g\",\"contentUrl\":\"https:\/\/secure.gravatar.com\/avatar\/7a172617327e9b00cf870ce0cdc90766e0fbaa1b9d650feae84dea1de566cb33?s=96&d=mm&r=g\",\"caption\":\"Matthias Bleyl\"},\"logo\":{\"@id\":\"https:\/\/flexitcs.net\/#\/schema\/person\/image\/\"}}]}<\/script>\n<!-- \/ Yoast SEO plugin. -->","yoast_head_json":{"title":"Frameworks und Bibliotheken f\u00fcr Node.js (Moderne Webanwendungen)","description":"Die Frameworks und Bibliotheken f\u00fcr Node.js: eine kompakte \u00dcbersicht.","robots":{"index":"index","follow":"follow","max-snippet":"max-snippet:-1","max-image-preview":"max-image-preview:large","max-video-preview":"max-video-preview:-1"},"canonical":"https:\/\/flexitcs.net\/index.php\/frameworks-und-bibliotheken-fuer-node-js\/","og_locale":"de_DE","og_type":"article","og_title":"Frameworks und Bibliotheken f\u00fcr Node.js (Moderne Webanwendungen)","og_description":"Die Frameworks und Bibliotheken f\u00fcr Node.js: eine kompakte \u00dcbersicht.","og_url":"https:\/\/flexitcs.net\/index.php\/frameworks-und-bibliotheken-fuer-node-js\/","og_site_name":"Die Digitale Transformation gestalten","article_modified_time":"2021-12-29T21:56:06+00:00","twitter_card":"summary_large_image","twitter_misc":{"Gesch\u00e4tzte Lesezeit":"2 Minuten"},"schema":{"@context":"https:\/\/schema.org","@graph":[{"@type":"WebPage","@id":"https:\/\/flexitcs.net\/index.php\/frameworks-und-bibliotheken-fuer-node-js\/","url":"https:\/\/flexitcs.net\/index.php\/frameworks-und-bibliotheken-fuer-node-js\/","name":"Frameworks und Bibliotheken f\u00fcr Node.js (Moderne Webanwendungen)","isPartOf":{"@id":"https:\/\/flexitcs.net\/#website"},"datePublished":"2021-11-02T20:56:56+00:00","dateModified":"2021-12-29T21:56:06+00:00","description":"Die Frameworks und Bibliotheken f\u00fcr Node.js: eine kompakte \u00dcbersicht.","breadcrumb":{"@id":"https:\/\/flexitcs.net\/index.php\/frameworks-und-bibliotheken-fuer-node-js\/#breadcrumb"},"inLanguage":"de-AT","potentialAction":[{"@type":"ReadAction","target":["https:\/\/flexitcs.net\/index.php\/frameworks-und-bibliotheken-fuer-node-js\/"]}]},{"@type":"BreadcrumbList","@id":"https:\/\/flexitcs.net\/index.php\/frameworks-und-bibliotheken-fuer-node-js\/#breadcrumb","itemListElement":[{"@type":"ListItem","position":1,"name":"Home","item":"https:\/\/flexitcs.net\/"},{"@type":"ListItem","position":2,"name":"Frameworks und Bibliotheken f\u00fcr Node.js"}]},{"@type":"WebSite","@id":"https:\/\/flexitcs.net\/#website","url":"https:\/\/flexitcs.net\/","name":"Die Digitale Transformation gestalten","description":"Matthias Bleyl","publisher":{"@id":"https:\/\/flexitcs.net\/#\/schema\/person\/bdc6fbae07797fec12d64f79bc4649a7"},"potentialAction":[{"@type":"SearchAction","target":{"@type":"EntryPoint","urlTemplate":"https:\/\/flexitcs.net\/?s={search_term_string}"},"query-input":{"@type":"PropertyValueSpecification","valueRequired":true,"valueName":"search_term_string"}}],"inLanguage":"de-AT"},{"@type":["Person","Organization"],"@id":"https:\/\/flexitcs.net\/#\/schema\/person\/bdc6fbae07797fec12d64f79bc4649a7","name":"Matthias Bleyl","image":{"@type":"ImageObject","inLanguage":"de-AT","@id":"https:\/\/flexitcs.net\/#\/schema\/person\/image\/","url":"https:\/\/secure.gravatar.com\/avatar\/7a172617327e9b00cf870ce0cdc90766e0fbaa1b9d650feae84dea1de566cb33?s=96&d=mm&r=g","contentUrl":"https:\/\/secure.gravatar.com\/avatar\/7a172617327e9b00cf870ce0cdc90766e0fbaa1b9d650feae84dea1de566cb33?s=96&d=mm&r=g","caption":"Matthias Bleyl"},"logo":{"@id":"https:\/\/flexitcs.net\/#\/schema\/person\/image\/"}}]}},"_links":{"self":[{"href":"https:\/\/flexitcs.net\/index.php\/wp-json\/wp\/v2\/pages\/1286","targetHints":{"allow":["GET"]}}],"collection":[{"href":"https:\/\/flexitcs.net\/index.php\/wp-json\/wp\/v2\/pages"}],"about":[{"href":"https:\/\/flexitcs.net\/index.php\/wp-json\/wp\/v2\/types\/page"}],"author":[{"embeddable":true,"href":"https:\/\/flexitcs.net\/index.php\/wp-json\/wp\/v2\/users\/1"}],"replies":[{"embeddable":true,"href":"https:\/\/flexitcs.net\/index.php\/wp-json\/wp\/v2\/comments?post=1286"}],"version-history":[{"count":0,"href":"https:\/\/flexitcs.net\/index.php\/wp-json\/wp\/v2\/pages\/1286\/revisions"}],"wp:attachment":[{"href":"https:\/\/flexitcs.net\/index.php\/wp-json\/wp\/v2\/media?parent=1286"}],"curies":[{"name":"wp","href":"https:\/\/api.w.org\/{rel}","templated":true}]}}