{"id":768,"date":"2019-12-18T13:58:57","date_gmt":"2019-12-18T13:58:57","guid":{"rendered":"https:\/\/flexitcs.net\/?page_id=768"},"modified":"2020-01-05T01:33:52","modified_gmt":"2020-01-05T01:33:52","slug":"normenreihe-isa-iec-62443","status":"publish","type":"page","link":"https:\/\/flexitcs.net\/index.php\/normenreihe-isa-iec-62443\/","title":{"rendered":"Normenreihe ISA\/IEC 62443"},"content":{"rendered":"\n<h2 class=\"wp-block-heading\">Normenreihe ISA\/IEC 62443<\/h2>\n\n\n\n<p>Die international anerkannte Normenreihe IEC 62443 &#8222;Industrielle Kommunikationsnetze &#8211; IT-Sicherheit f\u00fcr Netze und Systeme&#8220; (<strong>Industrial Communication Networks \u2013 Network and System Security<\/strong>) thematisiert prozessuale und funktionale Aspekte von IT-Sicherheit im industriellen Umfeld, insbesondere im Bereich der Prozess- und Automatisierungstechnik. <\/p>\n\n\n\n<p>Die IEC 62443 ist spezifisch auf den Industriebereich ausgerichtet und setzt sich damit von der <a href=\"https:\/\/flexitcs.net\/index.php\/standardreihe-iso-iec-2700x\/\" class=\"ek-link\">ISO 27001<\/a> ab, welche sich eher mit klassischen IT-Systemen besch\u00e4ftigt.<\/p>\n\n\n\n<p>F\u00fcr die Normenreihe sind 13 Einzelnormen vorgesehen. Bereits ver\u00f6ffentlicht sind folgende Teile (andere Anteile noch in Ausarbeitung):<\/p>\n\n\n\n<ul class=\"wp-block-list\"><li>IEC 62443-1-1: <em>Terminology, concepts and models<\/em> <\/li><li>IEC 62443-2-1: <em>Establishing an industrial automation and control system security program<\/em> <\/li><li>IEC 62443-2-3: <em>Patch management in the IACS environment<\/em> <\/li><li>IEC 62443-2-4: <em>Security program requirements for IACS service providers <\/em> <\/li><li>IEC 62443-3-1: <em>Security technologies for industrial automation and control systems<\/em> <\/li><li>IEC 62443-3-3: beinhaltet Anforderungen an technische Security Eigenschaften von ganzen industriellen <strong>Systemen<\/strong> (Anlagen)<\/li><li>IEC 62443-4-1: beinhaltet die Anforderungen an einen sicheren Entwicklungsprozess f\u00fcr Komponentenhersteller<\/li><li>IEC 62443-4-2: beinhaltet Anforderungen an die technischen Security Eigenschaften von industriellen <strong>Komponenten<\/strong><\/li><\/ul>\n\n\n\n<p>Die Normenreihe thematisiert die logischen Ebenen <strong>Organisation\/Prozesse<\/strong> einerseits und  <strong>System und Komponenten<\/strong> andererseits. <\/p>\n\n\n\n<p>Es werden deshalb voneinander unabh\u00e4ngig sowohl funktional-technische <strong>Security-Levels<\/strong>  als auch nicht-technische <strong>Maturity-Level<\/strong> definiert: <\/p>\n\n\n\n<ul class=\"wp-block-list\"><li>Maturity-Level behandeln die prozessuale Einhaltung organisatorischer Richtlinien und beschreiben somit den Reifegrad der organisatorischen Prozesse und Mitarbeiter<\/li><li>Mit den Security-Levels werden Systeme, Netze und Komponenten hinsichtlich ihrer IT-Security bewertet. <\/li><\/ul>\n\n\n\n<p>Durch die Kombination aus den beiden Betrachtungsweisen ergibt sich ein umfassendes Sicherheitskonzept, das weitaus mehr Schutzpotenzial bietet als die rein technische Betrachtung.<\/p>\n\n\n\n<p>Funktional-technisch setzt die Normenreihe auf ein IT-Sicherheitskonzept auf, das auf dem&nbsp;<strong>Defense in Depth <\/strong>&#8211; Ansatz basiert. Dadurch werden Schutzma\u00dfnahmen beschrieben, die auf verschiedenen Ebenen eines Netzes oder auch Systems implementiert werden.<\/p>\n\n\n\n<p>Der <a href=\"https:\/\/www.teletrust.de\/startseite\/\" class=\"ek-link\">Bundesverband IT-Sicherheit e.V.<\/a> (TeleTrusT) hat ein Pr\u00fcfschema f\u00fcr Produkte nach IEC 62443-4-2 \u201eIndustrielle Kommunikationsnetze \u2013 IT-Sicherheit f\u00fcr industrielle Automatisierungssysteme\u201c ver\u00f6ffentlicht, welches Anforderungen f\u00fcr eine \u00dcberpr\u00fcfung der korrekten und effektiven Umsetzung der Norm definiert. <\/p>\n","protected":false},"excerpt":{"rendered":"<p>Normenreihe ISA\/IEC 62443 Die international anerkannte Normenreihe IEC 62443 &#8222;Industrielle Kommunikationsnetze &#8211; IT-Sicherheit [&hellip;]<\/p>\n","protected":false},"author":1,"featured_media":0,"parent":0,"menu_order":0,"comment_status":"closed","ping_status":"closed","template":"","meta":{"_editorskit_title_hidden":false,"_editorskit_reading_time":1,"_editorskit_is_block_options_detached":false,"_editorskit_block_options_position":"{}","footnotes":""},"class_list":["post-768","page","type-page","status-publish","hentry"],"yoast_head":"<!-- This site is optimized with the Yoast SEO plugin v25.9 - https:\/\/yoast.com\/wordpress\/plugins\/seo\/ -->\n<title>Normenreihe ISA\/IEC 62443 - IT-Sicherheit<\/title>\n<meta name=\"description\" content=\"Die Normenreihe ISA\/IEC 62443: eine kompakte \u00dcbersicht.\" \/>\n<meta name=\"robots\" content=\"index, follow, max-snippet:-1, max-image-preview:large, max-video-preview:-1\" \/>\n<link rel=\"canonical\" href=\"https:\/\/flexitcs.net\/index.php\/normenreihe-isa-iec-62443\/\" \/>\n<meta property=\"og:locale\" content=\"de_DE\" \/>\n<meta property=\"og:type\" content=\"article\" \/>\n<meta property=\"og:title\" content=\"Normenreihe ISA\/IEC 62443 - IT-Sicherheit\" \/>\n<meta property=\"og:description\" content=\"Die Normenreihe ISA\/IEC 62443: eine kompakte \u00dcbersicht.\" \/>\n<meta property=\"og:url\" content=\"https:\/\/flexitcs.net\/index.php\/normenreihe-isa-iec-62443\/\" \/>\n<meta property=\"og:site_name\" content=\"Die Digitale Transformation gestalten\" \/>\n<meta property=\"article:modified_time\" content=\"2020-01-05T01:33:52+00:00\" \/>\n<meta name=\"twitter:card\" content=\"summary_large_image\" \/>\n<meta name=\"twitter:label1\" content=\"Gesch\u00e4tzte Lesezeit\" \/>\n\t<meta name=\"twitter:data1\" content=\"2 Minuten\" \/>\n<script type=\"application\/ld+json\" class=\"yoast-schema-graph\">{\"@context\":\"https:\/\/schema.org\",\"@graph\":[{\"@type\":\"WebPage\",\"@id\":\"https:\/\/flexitcs.net\/index.php\/normenreihe-isa-iec-62443\/\",\"url\":\"https:\/\/flexitcs.net\/index.php\/normenreihe-isa-iec-62443\/\",\"name\":\"Normenreihe ISA\/IEC 62443 - IT-Sicherheit\",\"isPartOf\":{\"@id\":\"https:\/\/flexitcs.net\/#website\"},\"datePublished\":\"2019-12-18T13:58:57+00:00\",\"dateModified\":\"2020-01-05T01:33:52+00:00\",\"description\":\"Die Normenreihe ISA\/IEC 62443: eine kompakte \u00dcbersicht.\",\"breadcrumb\":{\"@id\":\"https:\/\/flexitcs.net\/index.php\/normenreihe-isa-iec-62443\/#breadcrumb\"},\"inLanguage\":\"de-AT\",\"potentialAction\":[{\"@type\":\"ReadAction\",\"target\":[\"https:\/\/flexitcs.net\/index.php\/normenreihe-isa-iec-62443\/\"]}]},{\"@type\":\"BreadcrumbList\",\"@id\":\"https:\/\/flexitcs.net\/index.php\/normenreihe-isa-iec-62443\/#breadcrumb\",\"itemListElement\":[{\"@type\":\"ListItem\",\"position\":1,\"name\":\"Home\",\"item\":\"https:\/\/flexitcs.net\/\"},{\"@type\":\"ListItem\",\"position\":2,\"name\":\"Normenreihe ISA\/IEC 62443\"}]},{\"@type\":\"WebSite\",\"@id\":\"https:\/\/flexitcs.net\/#website\",\"url\":\"https:\/\/flexitcs.net\/\",\"name\":\"Die Digitale Transformation gestalten\",\"description\":\"Matthias Bleyl\",\"publisher\":{\"@id\":\"https:\/\/flexitcs.net\/#\/schema\/person\/bdc6fbae07797fec12d64f79bc4649a7\"},\"potentialAction\":[{\"@type\":\"SearchAction\",\"target\":{\"@type\":\"EntryPoint\",\"urlTemplate\":\"https:\/\/flexitcs.net\/?s={search_term_string}\"},\"query-input\":{\"@type\":\"PropertyValueSpecification\",\"valueRequired\":true,\"valueName\":\"search_term_string\"}}],\"inLanguage\":\"de-AT\"},{\"@type\":[\"Person\",\"Organization\"],\"@id\":\"https:\/\/flexitcs.net\/#\/schema\/person\/bdc6fbae07797fec12d64f79bc4649a7\",\"name\":\"Matthias Bleyl\",\"image\":{\"@type\":\"ImageObject\",\"inLanguage\":\"de-AT\",\"@id\":\"https:\/\/flexitcs.net\/#\/schema\/person\/image\/\",\"url\":\"https:\/\/secure.gravatar.com\/avatar\/7a172617327e9b00cf870ce0cdc90766e0fbaa1b9d650feae84dea1de566cb33?s=96&d=mm&r=g\",\"contentUrl\":\"https:\/\/secure.gravatar.com\/avatar\/7a172617327e9b00cf870ce0cdc90766e0fbaa1b9d650feae84dea1de566cb33?s=96&d=mm&r=g\",\"caption\":\"Matthias Bleyl\"},\"logo\":{\"@id\":\"https:\/\/flexitcs.net\/#\/schema\/person\/image\/\"}}]}<\/script>\n<!-- \/ Yoast SEO plugin. -->","yoast_head_json":{"title":"Normenreihe ISA\/IEC 62443 - IT-Sicherheit","description":"Die Normenreihe ISA\/IEC 62443: eine kompakte \u00dcbersicht.","robots":{"index":"index","follow":"follow","max-snippet":"max-snippet:-1","max-image-preview":"max-image-preview:large","max-video-preview":"max-video-preview:-1"},"canonical":"https:\/\/flexitcs.net\/index.php\/normenreihe-isa-iec-62443\/","og_locale":"de_DE","og_type":"article","og_title":"Normenreihe ISA\/IEC 62443 - IT-Sicherheit","og_description":"Die Normenreihe ISA\/IEC 62443: eine kompakte \u00dcbersicht.","og_url":"https:\/\/flexitcs.net\/index.php\/normenreihe-isa-iec-62443\/","og_site_name":"Die Digitale Transformation gestalten","article_modified_time":"2020-01-05T01:33:52+00:00","twitter_card":"summary_large_image","twitter_misc":{"Gesch\u00e4tzte Lesezeit":"2 Minuten"},"schema":{"@context":"https:\/\/schema.org","@graph":[{"@type":"WebPage","@id":"https:\/\/flexitcs.net\/index.php\/normenreihe-isa-iec-62443\/","url":"https:\/\/flexitcs.net\/index.php\/normenreihe-isa-iec-62443\/","name":"Normenreihe ISA\/IEC 62443 - IT-Sicherheit","isPartOf":{"@id":"https:\/\/flexitcs.net\/#website"},"datePublished":"2019-12-18T13:58:57+00:00","dateModified":"2020-01-05T01:33:52+00:00","description":"Die Normenreihe ISA\/IEC 62443: eine kompakte \u00dcbersicht.","breadcrumb":{"@id":"https:\/\/flexitcs.net\/index.php\/normenreihe-isa-iec-62443\/#breadcrumb"},"inLanguage":"de-AT","potentialAction":[{"@type":"ReadAction","target":["https:\/\/flexitcs.net\/index.php\/normenreihe-isa-iec-62443\/"]}]},{"@type":"BreadcrumbList","@id":"https:\/\/flexitcs.net\/index.php\/normenreihe-isa-iec-62443\/#breadcrumb","itemListElement":[{"@type":"ListItem","position":1,"name":"Home","item":"https:\/\/flexitcs.net\/"},{"@type":"ListItem","position":2,"name":"Normenreihe ISA\/IEC 62443"}]},{"@type":"WebSite","@id":"https:\/\/flexitcs.net\/#website","url":"https:\/\/flexitcs.net\/","name":"Die Digitale Transformation gestalten","description":"Matthias Bleyl","publisher":{"@id":"https:\/\/flexitcs.net\/#\/schema\/person\/bdc6fbae07797fec12d64f79bc4649a7"},"potentialAction":[{"@type":"SearchAction","target":{"@type":"EntryPoint","urlTemplate":"https:\/\/flexitcs.net\/?s={search_term_string}"},"query-input":{"@type":"PropertyValueSpecification","valueRequired":true,"valueName":"search_term_string"}}],"inLanguage":"de-AT"},{"@type":["Person","Organization"],"@id":"https:\/\/flexitcs.net\/#\/schema\/person\/bdc6fbae07797fec12d64f79bc4649a7","name":"Matthias Bleyl","image":{"@type":"ImageObject","inLanguage":"de-AT","@id":"https:\/\/flexitcs.net\/#\/schema\/person\/image\/","url":"https:\/\/secure.gravatar.com\/avatar\/7a172617327e9b00cf870ce0cdc90766e0fbaa1b9d650feae84dea1de566cb33?s=96&d=mm&r=g","contentUrl":"https:\/\/secure.gravatar.com\/avatar\/7a172617327e9b00cf870ce0cdc90766e0fbaa1b9d650feae84dea1de566cb33?s=96&d=mm&r=g","caption":"Matthias Bleyl"},"logo":{"@id":"https:\/\/flexitcs.net\/#\/schema\/person\/image\/"}}]}},"_links":{"self":[{"href":"https:\/\/flexitcs.net\/index.php\/wp-json\/wp\/v2\/pages\/768","targetHints":{"allow":["GET"]}}],"collection":[{"href":"https:\/\/flexitcs.net\/index.php\/wp-json\/wp\/v2\/pages"}],"about":[{"href":"https:\/\/flexitcs.net\/index.php\/wp-json\/wp\/v2\/types\/page"}],"author":[{"embeddable":true,"href":"https:\/\/flexitcs.net\/index.php\/wp-json\/wp\/v2\/users\/1"}],"replies":[{"embeddable":true,"href":"https:\/\/flexitcs.net\/index.php\/wp-json\/wp\/v2\/comments?post=768"}],"version-history":[{"count":0,"href":"https:\/\/flexitcs.net\/index.php\/wp-json\/wp\/v2\/pages\/768\/revisions"}],"wp:attachment":[{"href":"https:\/\/flexitcs.net\/index.php\/wp-json\/wp\/v2\/media?parent=768"}],"curies":[{"name":"wp","href":"https:\/\/api.w.org\/{rel}","templated":true}]}}