{"id":950,"date":"2020-01-06T16:29:01","date_gmt":"2020-01-06T16:29:01","guid":{"rendered":"https:\/\/flexitcs.net\/?page_id=950"},"modified":"2020-01-06T16:29:09","modified_gmt":"2020-01-06T16:29:09","slug":"it-sicherheit-regeln-fur-benutzer","status":"publish","type":"page","link":"https:\/\/flexitcs.net\/index.php\/it-sicherheit-regeln-fur-benutzer\/","title":{"rendered":"IT-Sicherheit: Regeln f\u00fcr Benutzer"},"content":{"rendered":"\n<p><strong>IT-Sicherheit: 10 Einfache Regeln f\u00fcr jeden Benutzer<\/strong><\/p>\n\n\n\n<ol class=\"wp-block-list\"><li>Bei jeder Abwesenheit, auch kurzzeitig, den passwortgesch\u00fctzten Bildschirmschoner anschalten.<\/li><li>Sichere Passw\u00f6rter w\u00e4hlen. Als sicher gelten Passw\u00f6rter, wenn sie m\u00f6glichst lang sind und wenn es sich nicht um triviale W\u00f6rter handelt, die in W\u00f6rterb\u00fcchern zu finden sind.<\/li><li>Passw\u00f6rter nicht mehrfach benutzen.<\/li><li>Passw\u00f6rter niemals weitergeben.<\/li><li>Passw\u00f6rter nicht aufschreiben: wenn n\u00f6tig, Passwort-Safes benutzen.<\/li><li>Pishing-Mails ignorieren &#8211; nicht einfach \u00fcberall draufklicken.<\/li><li>Vor dem \u00d6ffnen einer Webseite (Weblinks) die Adresse der Webseite genau anschauen.<\/li><li>Nicht jedes Feld in jedem Onlineformular ausf\u00fcllen.<\/li><li>Immer alle Systeme und Programme aktualisieren, wenn Patches verf\u00fcgbar sind.<\/li><li>Backups erstellen.<\/li><\/ol>\n","protected":false},"excerpt":{"rendered":"<p>IT-Sicherheit: 10 Einfache Regeln f\u00fcr jeden Benutzer Bei jeder Abwesenheit, auch kurzzeitig, den [&hellip;]<\/p>\n","protected":false},"author":1,"featured_media":0,"parent":0,"menu_order":0,"comment_status":"closed","ping_status":"closed","template":"","meta":{"_editorskit_title_hidden":false,"_editorskit_reading_time":1,"_editorskit_is_block_options_detached":false,"_editorskit_block_options_position":"{}","footnotes":""},"class_list":["post-950","page","type-page","status-publish","hentry"],"yoast_head":"<!-- This site is optimized with the Yoast SEO plugin v25.9 - https:\/\/yoast.com\/wordpress\/plugins\/seo\/ -->\n<title>IT-Sicherheit: Regeln f\u00fcr Benutzer<\/title>\n<meta name=\"description\" content=\"Zehn einfache Regeln der IT-Sicherheit f\u00fcr jeden Benutzer\" \/>\n<meta name=\"robots\" content=\"index, follow, max-snippet:-1, max-image-preview:large, max-video-preview:-1\" \/>\n<link rel=\"canonical\" href=\"https:\/\/flexitcs.net\/index.php\/it-sicherheit-regeln-fur-benutzer\/\" \/>\n<meta property=\"og:locale\" content=\"de_DE\" \/>\n<meta property=\"og:type\" content=\"article\" \/>\n<meta property=\"og:title\" content=\"IT-Sicherheit: Regeln f\u00fcr Benutzer\" \/>\n<meta property=\"og:description\" content=\"Zehn einfache Regeln der IT-Sicherheit f\u00fcr jeden Benutzer\" \/>\n<meta property=\"og:url\" content=\"https:\/\/flexitcs.net\/index.php\/it-sicherheit-regeln-fur-benutzer\/\" \/>\n<meta property=\"og:site_name\" content=\"Die Digitale Transformation gestalten\" \/>\n<meta property=\"article:modified_time\" content=\"2020-01-06T16:29:09+00:00\" \/>\n<meta name=\"twitter:card\" content=\"summary_large_image\" \/>\n<meta name=\"twitter:label1\" content=\"Gesch\u00e4tzte Lesezeit\" \/>\n\t<meta name=\"twitter:data1\" content=\"1 Minute\" \/>\n<script type=\"application\/ld+json\" class=\"yoast-schema-graph\">{\"@context\":\"https:\/\/schema.org\",\"@graph\":[{\"@type\":\"WebPage\",\"@id\":\"https:\/\/flexitcs.net\/index.php\/it-sicherheit-regeln-fur-benutzer\/\",\"url\":\"https:\/\/flexitcs.net\/index.php\/it-sicherheit-regeln-fur-benutzer\/\",\"name\":\"IT-Sicherheit: Regeln f\u00fcr Benutzer\",\"isPartOf\":{\"@id\":\"https:\/\/flexitcs.net\/#website\"},\"datePublished\":\"2020-01-06T16:29:01+00:00\",\"dateModified\":\"2020-01-06T16:29:09+00:00\",\"description\":\"Zehn einfache Regeln der IT-Sicherheit f\u00fcr jeden Benutzer\",\"breadcrumb\":{\"@id\":\"https:\/\/flexitcs.net\/index.php\/it-sicherheit-regeln-fur-benutzer\/#breadcrumb\"},\"inLanguage\":\"de-AT\",\"potentialAction\":[{\"@type\":\"ReadAction\",\"target\":[\"https:\/\/flexitcs.net\/index.php\/it-sicherheit-regeln-fur-benutzer\/\"]}]},{\"@type\":\"BreadcrumbList\",\"@id\":\"https:\/\/flexitcs.net\/index.php\/it-sicherheit-regeln-fur-benutzer\/#breadcrumb\",\"itemListElement\":[{\"@type\":\"ListItem\",\"position\":1,\"name\":\"Home\",\"item\":\"https:\/\/flexitcs.net\/\"},{\"@type\":\"ListItem\",\"position\":2,\"name\":\"IT-Sicherheit: Regeln f\u00fcr Benutzer\"}]},{\"@type\":\"WebSite\",\"@id\":\"https:\/\/flexitcs.net\/#website\",\"url\":\"https:\/\/flexitcs.net\/\",\"name\":\"Die Digitale Transformation gestalten\",\"description\":\"Matthias Bleyl\",\"publisher\":{\"@id\":\"https:\/\/flexitcs.net\/#\/schema\/person\/bdc6fbae07797fec12d64f79bc4649a7\"},\"potentialAction\":[{\"@type\":\"SearchAction\",\"target\":{\"@type\":\"EntryPoint\",\"urlTemplate\":\"https:\/\/flexitcs.net\/?s={search_term_string}\"},\"query-input\":{\"@type\":\"PropertyValueSpecification\",\"valueRequired\":true,\"valueName\":\"search_term_string\"}}],\"inLanguage\":\"de-AT\"},{\"@type\":[\"Person\",\"Organization\"],\"@id\":\"https:\/\/flexitcs.net\/#\/schema\/person\/bdc6fbae07797fec12d64f79bc4649a7\",\"name\":\"Matthias Bleyl\",\"image\":{\"@type\":\"ImageObject\",\"inLanguage\":\"de-AT\",\"@id\":\"https:\/\/flexitcs.net\/#\/schema\/person\/image\/\",\"url\":\"https:\/\/secure.gravatar.com\/avatar\/7a172617327e9b00cf870ce0cdc90766e0fbaa1b9d650feae84dea1de566cb33?s=96&d=mm&r=g\",\"contentUrl\":\"https:\/\/secure.gravatar.com\/avatar\/7a172617327e9b00cf870ce0cdc90766e0fbaa1b9d650feae84dea1de566cb33?s=96&d=mm&r=g\",\"caption\":\"Matthias Bleyl\"},\"logo\":{\"@id\":\"https:\/\/flexitcs.net\/#\/schema\/person\/image\/\"}}]}<\/script>\n<!-- \/ Yoast SEO plugin. -->","yoast_head_json":{"title":"IT-Sicherheit: Regeln f\u00fcr Benutzer","description":"Zehn einfache Regeln der IT-Sicherheit f\u00fcr jeden Benutzer","robots":{"index":"index","follow":"follow","max-snippet":"max-snippet:-1","max-image-preview":"max-image-preview:large","max-video-preview":"max-video-preview:-1"},"canonical":"https:\/\/flexitcs.net\/index.php\/it-sicherheit-regeln-fur-benutzer\/","og_locale":"de_DE","og_type":"article","og_title":"IT-Sicherheit: Regeln f\u00fcr Benutzer","og_description":"Zehn einfache Regeln der IT-Sicherheit f\u00fcr jeden Benutzer","og_url":"https:\/\/flexitcs.net\/index.php\/it-sicherheit-regeln-fur-benutzer\/","og_site_name":"Die Digitale Transformation gestalten","article_modified_time":"2020-01-06T16:29:09+00:00","twitter_card":"summary_large_image","twitter_misc":{"Gesch\u00e4tzte Lesezeit":"1 Minute"},"schema":{"@context":"https:\/\/schema.org","@graph":[{"@type":"WebPage","@id":"https:\/\/flexitcs.net\/index.php\/it-sicherheit-regeln-fur-benutzer\/","url":"https:\/\/flexitcs.net\/index.php\/it-sicherheit-regeln-fur-benutzer\/","name":"IT-Sicherheit: Regeln f\u00fcr Benutzer","isPartOf":{"@id":"https:\/\/flexitcs.net\/#website"},"datePublished":"2020-01-06T16:29:01+00:00","dateModified":"2020-01-06T16:29:09+00:00","description":"Zehn einfache Regeln der IT-Sicherheit f\u00fcr jeden Benutzer","breadcrumb":{"@id":"https:\/\/flexitcs.net\/index.php\/it-sicherheit-regeln-fur-benutzer\/#breadcrumb"},"inLanguage":"de-AT","potentialAction":[{"@type":"ReadAction","target":["https:\/\/flexitcs.net\/index.php\/it-sicherheit-regeln-fur-benutzer\/"]}]},{"@type":"BreadcrumbList","@id":"https:\/\/flexitcs.net\/index.php\/it-sicherheit-regeln-fur-benutzer\/#breadcrumb","itemListElement":[{"@type":"ListItem","position":1,"name":"Home","item":"https:\/\/flexitcs.net\/"},{"@type":"ListItem","position":2,"name":"IT-Sicherheit: Regeln f\u00fcr Benutzer"}]},{"@type":"WebSite","@id":"https:\/\/flexitcs.net\/#website","url":"https:\/\/flexitcs.net\/","name":"Die Digitale Transformation gestalten","description":"Matthias Bleyl","publisher":{"@id":"https:\/\/flexitcs.net\/#\/schema\/person\/bdc6fbae07797fec12d64f79bc4649a7"},"potentialAction":[{"@type":"SearchAction","target":{"@type":"EntryPoint","urlTemplate":"https:\/\/flexitcs.net\/?s={search_term_string}"},"query-input":{"@type":"PropertyValueSpecification","valueRequired":true,"valueName":"search_term_string"}}],"inLanguage":"de-AT"},{"@type":["Person","Organization"],"@id":"https:\/\/flexitcs.net\/#\/schema\/person\/bdc6fbae07797fec12d64f79bc4649a7","name":"Matthias Bleyl","image":{"@type":"ImageObject","inLanguage":"de-AT","@id":"https:\/\/flexitcs.net\/#\/schema\/person\/image\/","url":"https:\/\/secure.gravatar.com\/avatar\/7a172617327e9b00cf870ce0cdc90766e0fbaa1b9d650feae84dea1de566cb33?s=96&d=mm&r=g","contentUrl":"https:\/\/secure.gravatar.com\/avatar\/7a172617327e9b00cf870ce0cdc90766e0fbaa1b9d650feae84dea1de566cb33?s=96&d=mm&r=g","caption":"Matthias Bleyl"},"logo":{"@id":"https:\/\/flexitcs.net\/#\/schema\/person\/image\/"}}]}},"_links":{"self":[{"href":"https:\/\/flexitcs.net\/index.php\/wp-json\/wp\/v2\/pages\/950","targetHints":{"allow":["GET"]}}],"collection":[{"href":"https:\/\/flexitcs.net\/index.php\/wp-json\/wp\/v2\/pages"}],"about":[{"href":"https:\/\/flexitcs.net\/index.php\/wp-json\/wp\/v2\/types\/page"}],"author":[{"embeddable":true,"href":"https:\/\/flexitcs.net\/index.php\/wp-json\/wp\/v2\/users\/1"}],"replies":[{"embeddable":true,"href":"https:\/\/flexitcs.net\/index.php\/wp-json\/wp\/v2\/comments?post=950"}],"version-history":[{"count":0,"href":"https:\/\/flexitcs.net\/index.php\/wp-json\/wp\/v2\/pages\/950\/revisions"}],"wp:attachment":[{"href":"https:\/\/flexitcs.net\/index.php\/wp-json\/wp\/v2\/media?parent=950"}],"curies":[{"name":"wp","href":"https:\/\/api.w.org\/{rel}","templated":true}]}}